{"id":45,"date":"2025-12-29T10:03:22","date_gmt":"2025-12-29T13:03:22","guid":{"rendered":"http:\/\/beckersautomacao-com-br.umbler.net\/?page_id=45"},"modified":"2026-03-15T12:09:28","modified_gmt":"2026-03-15T15:09:28","slug":"ventilacao-industrial","status":"publish","type":"page","link":"https:\/\/beckersautomacao.com.br\/?page_id=45","title":{"rendered":"Ventila\u00e7\u00e3o Industrial"},"content":{"rendered":"\t\t<div data-elementor-type=\"wp-page\" data-elementor-id=\"45\" class=\"elementor elementor-45\" data-elementor-post-type=\"page\">\n\t\t\t\t<div class=\"elementor-element elementor-element-6acbe82 e-con-full e-flex e-con e-parent\" data-id=\"6acbe82\" data-element_type=\"container\" data-settings=\"{&quot;background_background&quot;:&quot;classic&quot;}\">\n\t\t<div class=\"elementor-element elementor-element-539b692 e-con-full e-flex e-con e-child\" data-id=\"539b692\" data-element_type=\"container\">\n\t\t<div class=\"elementor-element elementor-element-d3ffa9e e-con-full e-flex e-con e-child\" data-id=\"d3ffa9e\" data-element_type=\"container\">\n\t\t\t\t<div class=\"elementor-element elementor-element-ddd1147 elementor-widget elementor-widget-spacer\" data-id=\"ddd1147\" data-element_type=\"widget\" data-widget_type=\"spacer.default\">\n\t\t\t\t\t\t\t<div class=\"elementor-spacer\">\n\t\t\t<div class=\"elementor-spacer-inner\"><\/div>\n\t\t<\/div>\n\t\t\t\t\t\t<\/div>\n\t\t\t\t<\/div>\n\t\t\t\t<\/div>\n\t\t\t\t<\/div>\n\t\t<div class=\"elementor-element elementor-element-057132d e-flex e-con-boxed e-con e-parent\" data-id=\"057132d\" data-element_type=\"container\" data-settings=\"{&quot;background_background&quot;:&quot;classic&quot;}\">\n\t\t\t\t\t<div class=\"e-con-inner\">\n\t\t\t\t<div class=\"elementor-element elementor-element-797d5ff elementor-widget elementor-widget-heading\" data-id=\"797d5ff\" data-element_type=\"widget\" data-widget_type=\"heading.default\">\n\t\t\t\t\t<h2 class=\"elementor-heading-title elementor-size-default\">Conhe\u00e7a nossas Solu\u00e7\u00f5es Aplicadas \u00e0 Ind\u00fastria <\/h2>\t\t\t\t<\/div>\n\t\t<div class=\"elementor-element elementor-element-2d7f8f4 e-con-full e-flex e-con e-child\" data-id=\"2d7f8f4\" data-element_type=\"container\">\n\t\t<div class=\"elementor-element elementor-element-0f69ba4 e-con-full e-flex e-con e-child\" data-id=\"0f69ba4\" data-element_type=\"container\">\n\t\t\t\t<div class=\"elementor-element elementor-element-8749fe4 elementor-widget elementor-widget-text-editor\" data-id=\"8749fe4\" data-element_type=\"widget\" data-widget_type=\"text-editor.default\">\n\t\t\t\t\t\t\t\t\t<p><strong>Ventiladores Industriais e Comerciais\u00a0<\/strong><\/p>\t\t\t\t\t\t\t\t<\/div>\n\t\t\t\t<div class=\"elementor-element elementor-element-3d127e0 elementor-widget elementor-widget-text-editor\" data-id=\"3d127e0\" data-element_type=\"widget\" data-widget_type=\"text-editor.default\">\n\t\t\t\t\t\t\t\t\t<p>Potentes e eficientes, nossos ventiladores s\u00e3o ideais para aplica\u00e7\u00f5es industriais e comerciais, como refrigera\u00e7\u00e3o e climatiza\u00e7\u00e3o. Com desempenho e alto rendimento energ\u00e9tico, oferecem fluxo de ar consistente e confi\u00e1vel, combinando tecnologia avan\u00e7ada e durabilidade excepcional.<\/p>\t\t\t\t\t\t\t\t<\/div>\n\t\t\t\t<div class=\"elementor-element elementor-element-2f373da elementor-widget elementor-widget-text-editor\" data-id=\"2f373da\" data-element_type=\"widget\" data-widget_type=\"text-editor.default\">\n\t\t\t\t\t\t\t\t\t<p><span style=\"vertical-align: inherit;\">Projetados para desempenho superior e economia de energia, s\u00e3o ideais para aplica\u00e7\u00f5es industriais e comerciais. Com controle preciso de velocidade e opera\u00e7\u00e3o silenciosa, garantem um ambiente sustent\u00e1vel e eficiente!<\/span><\/p>\t\t\t\t\t\t\t\t<\/div>\n\t\t\t\t<\/div>\n\t\t<div class=\"elementor-element elementor-element-815f3f3 e-con-full e-flex e-con e-child\" data-id=\"815f3f3\" data-element_type=\"container\">\n\t\t<div class=\"elementor-element elementor-element-e39b220 e-con-full e-flex e-con e-child\" data-id=\"e39b220\" data-element_type=\"container\">\n\t\t\t\t<div class=\"elementor-element elementor-element-72f49ce elementor-widget elementor-widget-heading\" data-id=\"72f49ce\" data-element_type=\"widget\" data-widget_type=\"heading.default\">\n\t\t\t\t\t<h2 class=\"elementor-heading-title elementor-size-default\">Solicite seu or\u00e7amento<\/h2>\t\t\t\t<\/div>\n\t\t\t\t<\/div>\n\t\t\t\t<div class=\"elementor-element elementor-element-0616e04 elementor-button-align-stretch elementor-widget elementor-widget-form\" data-id=\"0616e04\" data-element_type=\"widget\" data-settings=\"{&quot;step_next_label&quot;:&quot;Next&quot;,&quot;step_previous_label&quot;:&quot;Previous&quot;,&quot;button_width&quot;:&quot;100&quot;,&quot;step_type&quot;:&quot;number_text&quot;,&quot;step_icon_shape&quot;:&quot;circle&quot;}\" data-widget_type=\"form.default\">\n\t\t\t\t<div class=\"elementor-widget-container\">\n\t\t\t\t\t\t\t<form class=\"elementor-form\" method=\"post\" name=\"New Form\">\n\t\t\t<input type=\"hidden\" name=\"post_id\" value=\"45\"\/>\n\t\t\t<input type=\"hidden\" name=\"form_id\" value=\"0616e04\"\/>\n\t\t\t<input type=\"hidden\" name=\"referer_title\" value=\"Ventila\u00e7\u00e3o Industrial\" \/>\n\n\t\t\t\t\t\t\t<input type=\"hidden\" name=\"queried_id\" value=\"45\"\/>\n\t\t\t\n\t\t\t<div class=\"elementor-form-fields-wrapper elementor-labels-above\">\n\t\t\t\t\t\t\t\t<div class=\"elementor-field-type-text elementor-field-group elementor-column elementor-field-group-name elementor-col-100\">\n\t\t\t\t\t\t\t\t\t\t\t\t<label for=\"form-field-name\" class=\"elementor-field-label\">\n\t\t\t\t\t\t\t\t \t\t\t\t\t\t\t<\/label>\n\t\t\t\t\t\t\t\t\t\t\t\t\t\t<input size=\"1\" type=\"text\" name=\"form_fields[name]\" id=\"form-field-name\" class=\"elementor-field elementor-size-sm  elementor-field-textual\" placeholder=\"Nome \">\n\t\t\t\t\t\t\t\t\t\t\t<\/div>\n\t\t\t\t\t\t\t\t<div class=\"elementor-field-type-number elementor-field-group elementor-column elementor-field-group-email elementor-col-100 elementor-field-required\">\n\t\t\t\t\t\t\t\t<input type=\"number\" name=\"form_fields[email]\" id=\"form-field-email\" class=\"elementor-field elementor-size-sm  elementor-field-textual\" placeholder=\"Telefone\" required=\"required\" aria-required=\"true\" min=\"\" max=\"\" >\n\t\t\t\t\t\t<\/div>\n\t\t\t\t\t\t\t\t<div class=\"elementor-field-type-email elementor-field-group elementor-column elementor-field-group-field_1a7781a elementor-col-100 elementor-field-required\">\n\t\t\t\t\t\t\t\t\t\t\t\t\t<input size=\"1\" type=\"email\" name=\"form_fields[field_1a7781a]\" id=\"form-field-field_1a7781a\" class=\"elementor-field elementor-size-sm  elementor-field-textual\" placeholder=\"E-mail\" required=\"required\" aria-required=\"true\">\n\t\t\t\t\t\t\t\t\t\t\t<\/div>\n\t\t\t\t\t\t\t\t<div class=\"elementor-field-type-textarea elementor-field-group elementor-column elementor-field-group-message elementor-col-100\">\n\t\t\t\t\t<textarea class=\"elementor-field-textual elementor-field  elementor-size-sm\" name=\"form_fields[message]\" id=\"form-field-message\" rows=\"4\" placeholder=\"Mensagem\"><\/textarea>\t\t\t\t<\/div>\n\t\t\t\t\t\t\t\t<div class=\"elementor-field-group elementor-column elementor-field-type-submit elementor-col-100 e-form__buttons\">\n\t\t\t\t\t<button class=\"elementor-button elementor-size-md\" type=\"submit\">\n\t\t\t\t\t\t<span class=\"elementor-button-content-wrapper\">\n\t\t\t\t\t\t\t\t\t\t\t\t\t\t\t\t\t\t\t\t\t\t<span class=\"elementor-button-text\">Enviar mensagem<\/span>\n\t\t\t\t\t\t\t\t\t\t\t\t\t<\/span>\n\t\t\t\t\t<\/button>\n\t\t\t\t<\/div>\n\t\t\t<\/div>\n\t\t<\/form>\n\t\t\t\t\t\t<\/div>\n\t\t\t\t<\/div>\n\t\t\t\t<\/div>\n\t\t\t\t<\/div>\n\t\t\t\t\t<\/div>\n\t\t\t\t<\/div>\n\t\t<div class=\"elementor-element elementor-element-dc1dc22 e-flex e-con-boxed e-con e-parent\" data-id=\"dc1dc22\" data-element_type=\"container\">\n\t\t\t\t\t<div class=\"e-con-inner\">\n\t\t<div class=\"elementor-element elementor-element-0582ccc e-con-full e-flex e-con e-child\" data-id=\"0582ccc\" data-element_type=\"container\" data-settings=\"{&quot;background_background&quot;:&quot;classic&quot;}\">\n\t\t\t\t<div class=\"elementor-element elementor-element-13503d1 elementor-widget elementor-widget-image\" data-id=\"13503d1\" data-element_type=\"widget\" data-widget_type=\"image.default\">\n\t\t\t\t\t\t\t\t\t\t\t\t<figure class=\"wp-caption\">\n\t\t\t\t\t\t\t\t\t\t<img decoding=\"async\" src=\"https:\/\/beckers.ind.br\/wp-content\/uploads\/2024\/10\/torre-condensadora.jpeg\" title=\"\" alt=\"\" loading=\"lazy\" \/>\t\t\t\t\t\t\t\t\t\t\t<figcaption class=\"widget-image-caption wp-caption-text\">Exaustores para Torres Condensadoras <\/figcaption>\n\t\t\t\t\t\t\t\t\t\t<\/figure>\n\t\t\t\t\t\t\t\t\t<\/div>\n\t\t\t\t<\/div>\n\t\t<div class=\"elementor-element elementor-element-47616ff e-con-full e-flex e-con e-child\" data-id=\"47616ff\" data-element_type=\"container\" data-settings=\"{&quot;background_background&quot;:&quot;classic&quot;}\">\n\t\t\t\t<div class=\"elementor-element elementor-element-c8ab685 elementor-widget elementor-widget-image\" data-id=\"c8ab685\" data-element_type=\"widget\" data-widget_type=\"image.default\">\n\t\t\t\t\t\t\t\t\t\t\t\t<figure class=\"wp-caption\">\n\t\t\t\t\t\t\t\t\t\t<img decoding=\"async\" src=\"https:\/\/beckers.ind.br\/wp-content\/uploads\/2024\/10\/evaporadores.jpeg\" title=\"\" alt=\"\" loading=\"lazy\" \/>\t\t\t\t\t\t\t\t\t\t\t<figcaption class=\"widget-image-caption wp-caption-text\">Ventiladores para Evaporadores <\/figcaption>\n\t\t\t\t\t\t\t\t\t\t<\/figure>\n\t\t\t\t\t\t\t\t\t<\/div>\n\t\t\t\t<\/div>\n\t\t<div class=\"elementor-element elementor-element-d7877b2 e-con-full e-flex e-con e-child\" data-id=\"d7877b2\" data-element_type=\"container\" data-settings=\"{&quot;background_background&quot;:&quot;classic&quot;}\">\n\t\t\t\t<div class=\"elementor-element elementor-element-a5c4fa5 elementor-widget elementor-widget-image\" data-id=\"a5c4fa5\" data-element_type=\"widget\" data-widget_type=\"image.default\">\n\t\t\t\t\t\t\t\t\t\t\t\t<figure class=\"wp-caption\">\n\t\t\t\t\t\t\t\t\t\t<img decoding=\"async\" src=\"https:\/\/beckers.ind.br\/wp-content\/uploads\/2024\/09\/Design-sem-nome-35.png\" title=\"\" alt=\"\" loading=\"lazy\" \/>\t\t\t\t\t\t\t\t\t\t\t<figcaption class=\"widget-image-caption wp-caption-text\">Ventiladores para Espera de Aves <\/figcaption>\n\t\t\t\t\t\t\t\t\t\t<\/figure>\n\t\t\t\t\t\t\t\t\t<\/div>\n\t\t\t\t<\/div>\n\t\t\t\t\t<\/div>\n\t\t\t\t<\/div>\n\t\t<div class=\"elementor-element elementor-element-25f0d2e e-flex e-con-boxed e-con e-parent\" data-id=\"25f0d2e\" data-element_type=\"container\">\n\t\t\t\t\t<div class=\"e-con-inner\">\n\t\t<div class=\"elementor-element elementor-element-671210a e-con-full e-flex e-con e-child\" data-id=\"671210a\" data-element_type=\"container\" data-settings=\"{&quot;background_background&quot;:&quot;classic&quot;}\">\n\t\t\t\t<div class=\"elementor-element elementor-element-6cf56e5 elementor-widget elementor-widget-image\" data-id=\"6cf56e5\" data-element_type=\"widget\" data-widget_type=\"image.default\">\n\t\t\t\t\t\t\t\t\t\t\t\t<figure class=\"wp-caption\">\n\t\t\t\t\t\t\t\t\t\t<img decoding=\"async\" src=\"https:\/\/beckers.ind.br\/wp-content\/uploads\/2024\/10\/tunel-de-congelamento.jpeg\" title=\"\" alt=\"\" loading=\"lazy\" \/>\t\t\t\t\t\t\t\t\t\t\t<figcaption class=\"widget-image-caption wp-caption-text\">Ventiladores para T\u00faneis de Congelamento<\/figcaption>\n\t\t\t\t\t\t\t\t\t\t<\/figure>\n\t\t\t\t\t\t\t\t\t<\/div>\n\t\t\t\t<\/div>\n\t\t<div class=\"elementor-element elementor-element-8e74450 e-con-full e-flex e-con e-child\" data-id=\"8e74450\" data-element_type=\"container\" data-settings=\"{&quot;background_background&quot;:&quot;classic&quot;}\">\n\t\t\t\t<div class=\"elementor-element elementor-element-9aa0ecf elementor-widget elementor-widget-image\" data-id=\"9aa0ecf\" data-element_type=\"widget\" data-widget_type=\"image.default\">\n\t\t\t\t\t\t\t\t\t\t\t\t<figure class=\"wp-caption\">\n\t\t\t\t\t\t\t\t\t\t<img decoding=\"async\" src=\"https:\/\/beckers.ind.br\/wp-content\/uploads\/2024\/10\/sala-de-estocagem.jpeg\" title=\"\" alt=\"\" loading=\"lazy\" \/>\t\t\t\t\t\t\t\t\t\t\t<figcaption class=\"widget-image-caption wp-caption-text\">Ventiladores para Evaporadores em Sala de Estocagem <\/figcaption>\n\t\t\t\t\t\t\t\t\t\t<\/figure>\n\t\t\t\t\t\t\t\t\t<\/div>\n\t\t\t\t<\/div>\n\t\t<div class=\"elementor-element elementor-element-9fe61b1 e-con-full e-flex e-con e-child\" data-id=\"9fe61b1\" data-element_type=\"container\" data-settings=\"{&quot;background_background&quot;:&quot;classic&quot;}\">\n\t\t\t\t<div class=\"elementor-element elementor-element-6316a0c elementor-widget elementor-widget-image\" data-id=\"6316a0c\" data-element_type=\"widget\" data-widget_type=\"image.default\">\n\t\t\t\t\t\t\t\t\t\t\t\t<figure class=\"wp-caption\">\n\t\t\t\t\t\t\t\t\t\t<img decoding=\"async\" src=\"https:\/\/beckers.ind.br\/wp-content\/uploads\/2024\/10\/UTA.jpeg\" title=\"\" alt=\"\" loading=\"lazy\" \/>\t\t\t\t\t\t\t\t\t\t\t<figcaption class=\"widget-image-caption wp-caption-text\">Ventiladores para UTA- Unidade de Tratamento de Ar<\/figcaption>\n\t\t\t\t\t\t\t\t\t\t<\/figure>\n\t\t\t\t\t\t\t\t\t<\/div>\n\t\t\t\t<\/div>\n\t\t\t\t\t<\/div>\n\t\t\t\t<\/div>\n\t\t<div class=\"elementor-element elementor-element-100dd06 e-flex e-con-boxed e-con e-parent\" data-id=\"100dd06\" data-element_type=\"container\">\n\t\t\t\t\t<div class=\"e-con-inner\">\n\t\t<div class=\"elementor-element elementor-element-96d0dd1 e-con-full e-flex e-con e-child\" data-id=\"96d0dd1\" data-element_type=\"container\" data-settings=\"{&quot;background_background&quot;:&quot;classic&quot;}\">\n\t\t\t\t<div class=\"elementor-element elementor-element-594201b elementor-widget elementor-widget-image\" data-id=\"594201b\" data-element_type=\"widget\" data-widget_type=\"image.default\">\n\t\t\t\t\t\t\t\t\t\t\t\t<figure class=\"wp-caption\">\n\t\t\t\t\t\t\t\t\t\t<img decoding=\"async\" src=\"https:\/\/beckers.ind.br\/wp-content\/uploads\/2024\/10\/VENTILACAO-AMBIENTES.jpeg\" title=\"\" alt=\"\" loading=\"lazy\" \/>\t\t\t\t\t\t\t\t\t\t\t<figcaption class=\"widget-image-caption wp-caption-text\">Ventila\u00e7\u00e3o para Ambientes<\/figcaption>\n\t\t\t\t\t\t\t\t\t\t<\/figure>\n\t\t\t\t\t\t\t\t\t<\/div>\n\t\t\t\t<\/div>\n\t\t<div class=\"elementor-element elementor-element-a2bd6ed e-con-full e-flex e-con e-child\" data-id=\"a2bd6ed\" data-element_type=\"container\" data-settings=\"{&quot;background_background&quot;:&quot;classic&quot;}\">\n\t\t\t\t<div class=\"elementor-element elementor-element-11b689d elementor-widget elementor-widget-image\" data-id=\"11b689d\" data-element_type=\"widget\" data-widget_type=\"image.default\">\n\t\t\t\t\t\t\t\t\t\t\t\t<figure class=\"wp-caption\">\n\t\t\t\t\t\t\t\t\t\t<img decoding=\"async\" src=\"https:\/\/beckers.ind.br\/wp-content\/uploads\/2024\/10\/EXASUTOR-PARA-COZINHA.jpeg\" title=\"\" alt=\"\" loading=\"lazy\" \/>\t\t\t\t\t\t\t\t\t\t\t<figcaption class=\"widget-image-caption wp-caption-text\">Exaustor para Cozinha Industrial <\/figcaption>\n\t\t\t\t\t\t\t\t\t\t<\/figure>\n\t\t\t\t\t\t\t\t\t<\/div>\n\t\t\t\t<\/div>\n\t\t<div class=\"elementor-element elementor-element-e4e0c2a e-con-full e-flex e-con e-child\" data-id=\"e4e0c2a\" data-element_type=\"container\" data-settings=\"{&quot;background_background&quot;:&quot;classic&quot;}\">\n\t\t\t\t<div class=\"elementor-element elementor-element-a486f4a elementor-widget elementor-widget-image\" data-id=\"a486f4a\" data-element_type=\"widget\" data-widget_type=\"image.default\">\n\t\t\t\t\t\t\t\t\t\t\t\t<figure class=\"wp-caption\">\n\t\t\t\t\t\t\t\t\t\t<img decoding=\"async\" src=\"https:\/\/beckers.ind.br\/wp-content\/uploads\/2024\/10\/tURBINA-PARA-SILOS-SECADORES.jpeg\" title=\"\" alt=\"\" loading=\"lazy\" \/>\t\t\t\t\t\t\t\t\t\t\t<figcaption class=\"widget-image-caption wp-caption-text\">Turbina para silos secadores<\/figcaption>\n\t\t\t\t\t\t\t\t\t\t<\/figure>\n\t\t\t\t\t\t\t\t\t<\/div>\n\t\t\t\t<\/div>\n\t\t\t\t\t<\/div>\n\t\t\t\t<\/div>\n\t\t<div class=\"elementor-element elementor-element-f4eb796 e-flex e-con-boxed e-con e-parent\" data-id=\"f4eb796\" data-element_type=\"container\">\n\t\t\t\t\t<div class=\"e-con-inner\">\n\t\t<div class=\"elementor-element elementor-element-a4c9f4f e-con-full e-flex e-con e-child\" data-id=\"a4c9f4f\" data-element_type=\"container\" data-settings=\"{&quot;background_background&quot;:&quot;classic&quot;}\">\n\t\t\t\t<div class=\"elementor-element elementor-element-b8fb5dd elementor-widget elementor-widget-image\" data-id=\"b8fb5dd\" data-element_type=\"widget\" data-widget_type=\"image.default\">\n\t\t\t\t\t\t\t\t\t\t\t\t<figure class=\"wp-caption\">\n\t\t\t\t\t\t\t\t\t\t<img decoding=\"async\" src=\"https:\/\/beckers.ind.br\/wp-content\/uploads\/2024\/10\/insuflador.jpeg\" title=\"\" alt=\"\" loading=\"lazy\" \/>\t\t\t\t\t\t\t\t\t\t\t<figcaption class=\"widget-image-caption wp-caption-text\">Insuflador Radial<\/figcaption>\n\t\t\t\t\t\t\t\t\t\t<\/figure>\n\t\t\t\t\t\t\t\t\t<\/div>\n\t\t\t\t<\/div>\n\t\t<div class=\"elementor-element elementor-element-afc7d76 e-con-full e-flex e-con e-child\" data-id=\"afc7d76\" data-element_type=\"container\" data-settings=\"{&quot;background_background&quot;:&quot;classic&quot;}\">\n\t\t\t\t<div class=\"elementor-element elementor-element-9d75331 elementor-widget elementor-widget-image\" data-id=\"9d75331\" data-element_type=\"widget\" data-widget_type=\"image.default\">\n\t\t\t\t\t\t\t\t\t\t\t\t<figure class=\"wp-caption\">\n\t\t\t\t\t\t\t\t\t\t<img decoding=\"async\" src=\"https:\/\/beckers.ind.br\/wp-content\/uploads\/2024\/10\/Ventiladores-para-Tuneis-de-Vneto-em-Compost-Barn.jpeg\" title=\"\" alt=\"\" loading=\"lazy\" \/>\t\t\t\t\t\t\t\t\t\t\t<figcaption class=\"widget-image-caption wp-caption-text\">Ventiladores Para T\u00faneis de Vento em Compost Barns<\/figcaption>\n\t\t\t\t\t\t\t\t\t\t<\/figure>\n\t\t\t\t\t\t\t\t\t<\/div>\n\t\t\t\t<\/div>\n\t\t\t\t\t<\/div>\n\t\t\t\t<\/div>\n\t\t<div class=\"elementor-element elementor-element-15f3608 e-flex e-con-boxed e-con e-parent\" data-id=\"15f3608\" data-element_type=\"container\">\n\t\t\t\t\t<div class=\"e-con-inner\">\n\t\t\t\t<div class=\"elementor-element elementor-element-6749e96 elementor-widget elementor-widget-heading\" data-id=\"6749e96\" data-element_type=\"widget\" data-widget_type=\"heading.default\">\n\t\t\t\t\t<h2 class=\"elementor-heading-title elementor-size-default\">Assist\u00eancia T\u00e9cnica e Manuten\u00e7\u00e3o de Ventiladores Industriais<\/h2>\t\t\t\t<\/div>\n\t\t\t\t\t<\/div>\n\t\t\t\t<\/div>\n\t\t<div class=\"elementor-element elementor-element-4a3011e e-flex e-con-boxed e-con e-parent\" data-id=\"4a3011e\" data-element_type=\"container\">\n\t\t\t\t\t<div class=\"e-con-inner\">\n\t\t<div class=\"elementor-element elementor-element-a75cf9a e-con-full e-flex e-con e-child\" data-id=\"a75cf9a\" data-element_type=\"container\">\n\t\t\t\t<div class=\"elementor-element elementor-element-30592db elementor-widget elementor-widget-text-editor\" data-id=\"30592db\" data-element_type=\"widget\" data-widget_type=\"text-editor.default\">\n\t\t\t\t\t\t\t\t\t<p>A <strong>assist\u00eancia t\u00e9cnica de ventiladores industriais <\/strong>oferecido pela Beckers envolve\u00a0 todos os procedimentos de manuten\u00e7\u00e3o e consertos do equipamento, listados a seguir<\/p><ul><li><span class=\"OYPEnA font-feature-liga-off font-feature-clig-off font-feature-calt-off text-decoration-none text-strikethrough-none\">Rebobinamento<\/span><\/li><li class=\"cvGsUA direction-ltr align-start para-style-body\"><span class=\"OYPEnA font-feature-liga-off font-feature-clig-off font-feature-calt-off text-decoration-none text-strikethrough-none\">Recondicionamento<\/span><\/li><li class=\"cvGsUA direction-ltr align-start para-style-body\"><span class=\"OYPEnA font-feature-liga-off font-feature-clig-off font-feature-calt-off text-decoration-none text-strikethrough-none\">Alinhamento<\/span><\/li><li class=\"cvGsUA direction-ltr align-start para-style-body\"><span class=\"OYPEnA font-feature-liga-off font-feature-clig-off font-feature-calt-off text-decoration-none text-strikethrough-none\">Balanceamento<\/span><\/li><li class=\"cvGsUA direction-ltr align-start para-style-body\"><span class=\"OYPEnA font-feature-liga-off font-feature-clig-off font-feature-calt-off text-decoration-none text-strikethrough-none\">Troca de Rolamentos<\/span><\/li><li class=\"cvGsUA direction-ltr align-start para-style-body\"><span class=\"OYPEnA font-feature-liga-off font-feature-clig-off font-feature-calt-off text-decoration-none text-strikethrough-none\">Lubrifica\u00e7\u00e3o Adequada<\/span><\/li><li>Reparo em Estruturas\u00a0<\/li><li class=\"cvGsUA direction-ltr align-start para-style-body\"><span class=\"OYPEnA font-feature-liga-off font-feature-clig-off font-feature-calt-off text-decoration-none text-strikethrough-none\">Garantia<\/span><\/li><\/ul>\t\t\t\t\t\t\t\t<\/div>\n\t\t\t\t<div class=\"elementor-element elementor-element-b908754 elementor-mobile-align-center elementor-widget elementor-widget-button\" data-id=\"b908754\" data-element_type=\"widget\" data-widget_type=\"button.default\">\n\t\t\t\t\t\t\t\t\t\t<a class=\"elementor-button elementor-size-sm\" role=\"button\">\n\t\t\t\t\t\t<span class=\"elementor-button-content-wrapper\">\n\t\t\t\t\t\t\t\t\t<span class=\"elementor-button-text\">Converse com um consultor<\/span>\n\t\t\t\t\t<\/span>\n\t\t\t\t\t<\/a>\n\t\t\t\t\t\t\t\t<\/div>\n\t\t\t\t<\/div>\n\t\t<div class=\"elementor-element elementor-element-f32cd63 e-con-full e-flex e-con e-child\" data-id=\"f32cd63\" data-element_type=\"container\">\n\t\t<div class=\"elementor-element elementor-element-bd00e5e e-con-full e-flex e-con e-child\" data-id=\"bd00e5e\" data-element_type=\"container\">\n\t\t\t\t<div class=\"elementor-element elementor-element-db52d3f elementor-widget elementor-widget-image\" data-id=\"db52d3f\" data-element_type=\"widget\" data-widget_type=\"image.default\">\n\t\t\t\t\t\t\t\t\t\t\t\t\t\t\t<img decoding=\"async\" src=\"https:\/\/beckers.ind.br\/wp-content\/uploads\/2024\/09\/WhatsApp-Image-2024-09-19-at-22.19.32-4.jpeg\" title=\"\" alt=\"\" loading=\"lazy\" \/>\t\t\t\t\t\t\t\t\t\t\t\t\t\t\t<\/div>\n\t\t\t\t<\/div>\n\t\t<div class=\"elementor-element elementor-element-535c796 e-con-full e-flex e-con e-child\" data-id=\"535c796\" data-element_type=\"container\">\n\t\t\t\t<div class=\"elementor-element elementor-element-9cb2fc4 elementor-widget elementor-widget-image\" data-id=\"9cb2fc4\" data-element_type=\"widget\" data-widget_type=\"image.default\">\n\t\t\t\t\t\t\t\t\t\t\t\t\t\t\t<img decoding=\"async\" src=\"https:\/\/beckers.ind.br\/wp-content\/uploads\/2024\/09\/WhatsApp-Image-2024-09-19-at-22.19.32-1.jpeg\" title=\"\" alt=\"\" loading=\"lazy\" \/>\t\t\t\t\t\t\t\t\t\t\t\t\t\t\t<\/div>\n\t\t\t\t<\/div>\n\t\t\t\t<\/div>\n\t\t<div class=\"elementor-element elementor-element-12a2588 e-con-full e-flex e-con e-child\" data-id=\"12a2588\" data-element_type=\"container\">\n\t\t<div class=\"elementor-element elementor-element-08b54f3 e-con-full e-flex e-con e-child\" data-id=\"08b54f3\" data-element_type=\"container\">\n\t\t\t\t<div class=\"elementor-element elementor-element-5f77d5c elementor-widget elementor-widget-image\" data-id=\"5f77d5c\" data-element_type=\"widget\" data-widget_type=\"image.default\">\n\t\t\t\t\t\t\t\t\t\t\t\t\t\t\t<img decoding=\"async\" src=\"https:\/\/beckers.ind.br\/wp-content\/uploads\/2024\/09\/WhatsApp-Image-2024-09-19-at-22.19.31-2.jpeg\" title=\"\" alt=\"\" loading=\"lazy\" \/>\t\t\t\t\t\t\t\t\t\t\t\t\t\t\t<\/div>\n\t\t\t\t<\/div>\n\t\t<div class=\"elementor-element elementor-element-55e4886 e-con-full e-flex e-con e-child\" data-id=\"55e4886\" data-element_type=\"container\">\n\t\t\t\t<div class=\"elementor-element elementor-element-590743d elementor-widget elementor-widget-image\" data-id=\"590743d\" data-element_type=\"widget\" data-widget_type=\"image.default\">\n\t\t\t\t\t\t\t\t\t\t\t\t\t\t\t<img decoding=\"async\" src=\"https:\/\/beckers.ind.br\/wp-content\/uploads\/2024\/09\/WhatsApp-Image-2024-09-19-at-22.19.32-2-1.jpeg\" title=\"\" alt=\"\" loading=\"lazy\" \/>\t\t\t\t\t\t\t\t\t\t\t\t\t\t\t<\/div>\n\t\t\t\t<\/div>\n\t\t\t\t<\/div>\n\t\t<div class=\"elementor-element elementor-element-f2d05c8 e-con-full e-flex e-con e-child\" data-id=\"f2d05c8\" data-element_type=\"container\">\n\t\t<div class=\"elementor-element elementor-element-77b4acd e-con-full e-flex e-con e-child\" data-id=\"77b4acd\" data-element_type=\"container\">\n\t\t\t\t<div class=\"elementor-element elementor-element-a5bb8cd elementor-widget elementor-widget-image\" data-id=\"a5bb8cd\" data-element_type=\"widget\" data-widget_type=\"image.default\">\n\t\t\t\t\t\t\t\t\t\t\t\t\t\t\t<img decoding=\"async\" src=\"https:\/\/beckers.ind.br\/wp-content\/uploads\/2024\/09\/WhatsApp-Image-2024-09-19-at-22.19.32.jpeg\" title=\"\" alt=\"\" loading=\"lazy\" \/>\t\t\t\t\t\t\t\t\t\t\t\t\t\t\t<\/div>\n\t\t\t\t<\/div>\n\t\t<div class=\"elementor-element elementor-element-ff6b92f e-flex e-con-boxed e-con e-child\" data-id=\"ff6b92f\" data-element_type=\"container\">\n\t\t\t\t\t<div class=\"e-con-inner\">\n\t\t\t\t<div class=\"elementor-element elementor-element-310f64e elementor-widget elementor-widget-image\" data-id=\"310f64e\" data-element_type=\"widget\" data-widget_type=\"image.default\">\n\t\t\t\t\t\t\t\t\t\t\t\t\t\t\t<img decoding=\"async\" src=\"https:\/\/beckers.ind.br\/wp-content\/uploads\/2024\/09\/WhatsApp-Image-2024-09-19-at-22.19.32-3.jpeg\" title=\"\" alt=\"\" loading=\"lazy\" \/>\t\t\t\t\t\t\t\t\t\t\t\t\t\t\t<\/div>\n\t\t\t\t\t<\/div>\n\t\t\t\t<\/div>\n\t\t\t\t<\/div>\n\t\t\t\t\t<\/div>\n\t\t\t\t<\/div>\n\t\t\t\t<\/div>\n\t\t","protected":false},"excerpt":{"rendered":"<p>Conhe\u00e7a nossas Solu\u00e7\u00f5es Aplicadas \u00e0 Ind\u00fastria Ventiladores Industriais e Comerciais\u00a0 Potentes e eficientes, nossos ventiladores s\u00e3o ideais para aplica\u00e7\u00f5es industriais e comerciais, como refrigera\u00e7\u00e3o e climatiza\u00e7\u00e3o. Com desempenho e alto rendimento energ\u00e9tico, oferecem fluxo de ar consistente e confi\u00e1vel, combinando tecnologia avan\u00e7ada e durabilidade excepcional. Projetados para desempenho superior e economia de energia, s\u00e3o ideais [&hellip;]<\/p>\n","protected":false},"author":1,"featured_media":0,"parent":0,"menu_order":0,"comment_status":"closed","ping_status":"closed","template":"elementor_header_footer","meta":{"footnotes":""},"class_list":["post-45","page","type-page","status-publish","hentry"],"_links":{"self":[{"href":"https:\/\/beckersautomacao.com.br\/index.php?rest_route=\/wp\/v2\/pages\/45","targetHints":{"allow":["GET"]}}],"collection":[{"href":"https:\/\/beckersautomacao.com.br\/index.php?rest_route=\/wp\/v2\/pages"}],"about":[{"href":"https:\/\/beckersautomacao.com.br\/index.php?rest_route=\/wp\/v2\/types\/page"}],"author":[{"embeddable":true,"href":"https:\/\/beckersautomacao.com.br\/index.php?rest_route=\/wp\/v2\/users\/1"}],"replies":[{"embeddable":true,"href":"https:\/\/beckersautomacao.com.br\/index.php?rest_route=%2Fwp%2Fv2%2Fcomments&post=45"}],"version-history":[{"count":247,"href":"https:\/\/beckersautomacao.com.br\/index.php?rest_route=\/wp\/v2\/pages\/45\/revisions"}],"predecessor-version":[{"id":1342,"href":"https:\/\/beckersautomacao.com.br\/index.php?rest_route=\/wp\/v2\/pages\/45\/revisions\/1342"}],"wp:attachment":[{"href":"https:\/\/beckersautomacao.com.br\/index.php?rest_route=%2Fwp%2Fv2%2Fmedia&parent=45"}],"curies":[{"name":"wp","href":"https:\/\/api.w.org\/{rel}","templated":true}]}}